{"id":1539,"date":"2015-02-11T00:06:27","date_gmt":"2015-02-11T00:06:27","guid":{"rendered":"https:\/\/goldprodukt.de\/products\/ladies-first\/"},"modified":"2022-11-14T12:47:02","modified_gmt":"2022-11-14T12:47:02","slug":"ladies-first","status":"publish","type":"page","link":"https:\/\/goldprodukt.de\/de\/produkte\/ladies-first\/","title":{"rendered":"Ladies 1st"},"content":{"rendered":"<section class=\"wpb-content-wrapper\"><p>[vc_row][vc_column][vc_column_text]<\/p>\n<h1 style=\"text-align: center;\">Ladies\u00a01st<\/h1>\n<p style=\"text-align: center;\">Sie sind eine Ode an die Weiblichkeit, diese diskreten und wertvollen Beh\u00e4ltnisse f\u00fcr das monatliche Bed\u00fcrfnis. Einzelst\u00fccke aus Silber.<\/p>\n<p>[\/vc_column_text][vc_masonry_grid post_type=&#8221;post&#8221; max_items=&#8221;-1&#8243; style=&#8221;lazy&#8221; items_per_page=&#8221;9&#8243; element_width=&#8221;6&#8243; item=&#8221;761&#8243; arrows_design=&#8221;none&#8221; arrows_position=&#8221;inside&#8221; arrows_color=&#8221;blue&#8221; paging_design=&#8221;radio_dots&#8221; paging_color=&#8221;grey&#8221; loop=&#8221;&#8221; autoplay=&#8221;-1&#8243; taxonomies=&#8221;75&#8243; grid_id=&#8221;vc_gid:1668429957358-8aae5721-ae00-5&#8243;][\/vc_column][\/vc_row]<\/p>\n<\/section>","protected":false},"excerpt":{"rendered":"<p>[vc_row][vc_column][vc_column_text] Ladies\u00a01st Sie sind eine Ode an die Weiblichkeit, diese diskreten und wertvollen Beh\u00e4ltnisse f\u00fcr das monatliche Bed\u00fcrfnis. Einzelst\u00fccke aus Silber. [\/vc_column_text][vc_masonry_grid post_type=&#8221;post&#8221; max_items=&#8221;-1&#8243; style=&#8221;lazy&#8221; items_per_page=&#8221;9&#8243; element_width=&#8221;6&#8243; item=&#8221;761&#8243; arrows_design=&#8221;none&#8221; arrows_position=&#8221;inside&#8221; arrows_color=&#8221;blue&#8221; paging_design=&#8221;radio_dots&#8221; paging_color=&#8221;grey&#8221; loop=&#8221;&#8221; autoplay=&#8221;-1&#8243; taxonomies=&#8221;75&#8243; grid_id=&#8221;vc_gid:1668429957358-8aae5721-ae00-5&#8243;][\/vc_column][\/vc_row]<\/p>\n","protected":false},"author":1,"featured_media":0,"parent":1537,"menu_order":0,"comment_status":"closed","ping_status":"closed","template":"","meta":{"footnotes":"","_links_to":"","_links_to_target":""},"class_list":["post-1539","page","type-page","status-publish","hentry"],"_links":{"self":[{"href":"https:\/\/goldprodukt.de\/de\/wp-json\/wp\/v2\/pages\/1539"}],"collection":[{"href":"https:\/\/goldprodukt.de\/de\/wp-json\/wp\/v2\/pages"}],"about":[{"href":"https:\/\/goldprodukt.de\/de\/wp-json\/wp\/v2\/types\/page"}],"author":[{"embeddable":true,"href":"https:\/\/goldprodukt.de\/de\/wp-json\/wp\/v2\/users\/1"}],"replies":[{"embeddable":true,"href":"https:\/\/goldprodukt.de\/de\/wp-json\/wp\/v2\/comments?post=1539"}],"version-history":[{"count":5,"href":"https:\/\/goldprodukt.de\/de\/wp-json\/wp\/v2\/pages\/1539\/revisions"}],"predecessor-version":[{"id":1543,"href":"https:\/\/goldprodukt.de\/de\/wp-json\/wp\/v2\/pages\/1539\/revisions\/1543"}],"up":[{"embeddable":true,"href":"https:\/\/goldprodukt.de\/de\/wp-json\/wp\/v2\/pages\/1537"}],"wp:attachment":[{"href":"https:\/\/goldprodukt.de\/de\/wp-json\/wp\/v2\/media?parent=1539"}],"curies":[{"name":"wp","href":"https:\/\/api.w.org\/{rel}","templated":true}]}}