{"id":1620,"date":"2013-12-16T16:28:18","date_gmt":"2013-12-16T16:28:18","guid":{"rendered":"https:\/\/goldprodukt.de\/info\/impressum\/"},"modified":"2024-10-29T22:09:03","modified_gmt":"2024-10-29T22:09:03","slug":"impressum","status":"publish","type":"page","link":"https:\/\/goldprodukt.de\/de\/info\/impressum\/","title":{"rendered":"Impressum"},"content":{"rendered":"<p>Verantwortlich f\u00fcr die Internetseite: Susanne Stauch<\/p>\n<p><strong>GOLDPRODUKT<\/strong><br \/>\nAllerstr 18<br \/>\n12049 Berlin\/Germany<\/p>\n<p>Tel: +49 (0) 173 325 1864<\/p>\n<p>E-Mail: stauch (at) goldprodukt (dot) de<br \/>\nWebsite: www (dot) goldprodukt (dot) de<\/p>\n<p>Gesch\u00e4fstf\u00fchrung: Dipl. Des. Susanne Stauch<br \/>\nUmsatzsteuer-Identifikationsnummer: DE269474178<br \/>\nSteuernummer: 31\/542\/65637<\/p>\n<p><strong>Rechtliche Hinweise<\/strong> zu\u00a0GOLDPRODUKT<\/p>\n<p><strong>\u00a9 Copyright \/ Urheberrecht<\/strong><br \/>\nAlle Rechte vorbehalten. Text, Bilder, Grafiken, Sound, Animationen und Videos sowie deren Anordnung auf unseren Webseiten unterliegen dem Schutz des Urheberrechts und anderer Schutzgesetze. Der Inhalt dieser Websites darf nicht zu kommerziellen Zwecken kopiert, verbreitet, ver\u00e4ndert oder Dritten zug\u00e4nglich gemacht werden. Einige Internetseiten von GOLDPRODUKT\u00a0enthalten au\u00dferdem Bilder, die dem Copyright Dritter unterliegen.<\/p>\n<p><strong>Garantieverzeichnis<\/strong><br \/>\nDiese Website wurde mit gr\u00f6\u00dftm\u00f6glicher Sorgfalt zusammengestellt. Trotzdem kann f\u00fcr die Fehlerfreiheit und Genauigkeit der enthaltenen Informationen nicht garantiert werden. Jegliche Haftung f\u00fcr Sch\u00e4den, die direkt oder indirekt aus der Benutzung dieser Website entstehen, ist ausgeschlossen.<\/p>\n<p><strong>Lizenzverzeichnis<\/strong><br \/>\nDas in den Internetseiten von GOLDPRODUKT\u00a0enthaltene geistige Eigentum wie Schutzrechte oder Urheberrechte ist gesch\u00fctzt. Durch diese Website wird keine Lizenz zur Nutzung des geistigen Eigentums von GOLDPRODUKT\u00a0oder Dritten erteilt.<\/p>\n<p><strong>Gesetzliche Hinweise<\/strong><br \/>\nWir freuen uns \u00fcber Ihren Besuch auf dieser Website und Ihr Interesse an den Produkten. S\u00e4mtliche auf dieser Website erhobenen pers\u00f6nlichen Daten werden ausschlie\u00dflich zu Ihrer individuellen Betreuung, der \u00dcbersendung von Produktinformationen oder der Unterbreitung von Serviceangeboten gespeichert. GOLDPRODUKT\u00a0sichert zu, dass Ihre Angaben entsprechend den geltenden datenschutzrechtlichen Bestimmungen vertraulich behandelt werden.<\/p>\n","protected":false},"excerpt":{"rendered":"<p>Verantwortlich f\u00fcr die Internetseite: Susanne Stauch GOLDPRODUKT Allerstr 18 12049 Berlin\/Germany Tel: +49 (0) 173 325 1864 E-Mail: stauch (at) goldprodukt (dot) de Website: www (dot) goldprodukt (dot) de Gesch\u00e4fstf\u00fchrung: Dipl. Des. Susanne Stauch Umsatzsteuer-Identifikationsnummer: DE269474178 Steuernummer: 31\/542\/65637 Rechtliche Hinweise zu\u00a0GOLDPRODUKT \u00a9 Copyright \/ Urheberrecht Alle Rechte vorbehalten. Text, Bilder, Grafiken, Sound, Animationen und Videos [&hellip;]<\/p>\n","protected":false},"author":1,"featured_media":0,"parent":534,"menu_order":0,"comment_status":"closed","ping_status":"closed","template":"","meta":{"footnotes":"","_links_to":"","_links_to_target":""},"class_list":["post-1620","page","type-page","status-publish","hentry"],"_links":{"self":[{"href":"https:\/\/goldprodukt.de\/de\/wp-json\/wp\/v2\/pages\/1620"}],"collection":[{"href":"https:\/\/goldprodukt.de\/de\/wp-json\/wp\/v2\/pages"}],"about":[{"href":"https:\/\/goldprodukt.de\/de\/wp-json\/wp\/v2\/types\/page"}],"author":[{"embeddable":true,"href":"https:\/\/goldprodukt.de\/de\/wp-json\/wp\/v2\/users\/1"}],"replies":[{"embeddable":true,"href":"https:\/\/goldprodukt.de\/de\/wp-json\/wp\/v2\/comments?post=1620"}],"version-history":[{"count":5,"href":"https:\/\/goldprodukt.de\/de\/wp-json\/wp\/v2\/pages\/1620\/revisions"}],"predecessor-version":[{"id":2828,"href":"https:\/\/goldprodukt.de\/de\/wp-json\/wp\/v2\/pages\/1620\/revisions\/2828"}],"up":[{"embeddable":true,"href":"https:\/\/goldprodukt.de\/de\/wp-json\/wp\/v2\/pages\/534"}],"wp:attachment":[{"href":"https:\/\/goldprodukt.de\/de\/wp-json\/wp\/v2\/media?parent=1620"}],"curies":[{"name":"wp","href":"https:\/\/api.w.org\/{rel}","templated":true}]}}