{"id":487,"date":"2014-05-27T12:42:24","date_gmt":"2014-05-27T12:42:24","guid":{"rendered":"https:\/\/goldprodukt.de\/?page_id=487"},"modified":"2014-06-02T10:59:59","modified_gmt":"2014-06-02T10:59:59","slug":"bestellungen","status":"publish","type":"page","link":"https:\/\/goldprodukt.de\/de\/info\/bestellungen\/","title":{"rendered":"Bestellungen"},"content":{"rendered":"<p><strong>ONLINE<br \/>\n<\/strong>Wir bieten einige St\u00fccke in unserem Shop an.<\/p>\n<p><strong>BESTELLUNGEN<\/strong><br \/>\nBitte schicken Sie Ihre W\u00fcnsche und Anfragen an<br \/>\norders(at)goldprodukt(dot)de<\/p>\n<p><strong>RETAIL <\/strong><br \/>\nWenn Sie meine Arbeiten verkaufen m\u00f6chten, kontaktieren Sie bitte<br \/>\nretail(at)goldprodukt(dot)de<\/p>\n","protected":false},"excerpt":{"rendered":"<p>ONLINE Wir bieten einige St\u00fccke in unserem Shop an. BESTELLUNGEN Bitte schicken Sie Ihre W\u00fcnsche und Anfragen an orders(at)goldprodukt(dot)de RETAIL Wenn Sie meine Arbeiten verkaufen m\u00f6chten, kontaktieren Sie bitte retail(at)goldprodukt(dot)de<\/p>\n","protected":false},"author":1,"featured_media":0,"parent":534,"menu_order":0,"comment_status":"closed","ping_status":"closed","template":"","meta":{"footnotes":"","_links_to":"","_links_to_target":""},"class_list":["post-487","page","type-page","status-publish","hentry"],"_links":{"self":[{"href":"https:\/\/goldprodukt.de\/de\/wp-json\/wp\/v2\/pages\/487"}],"collection":[{"href":"https:\/\/goldprodukt.de\/de\/wp-json\/wp\/v2\/pages"}],"about":[{"href":"https:\/\/goldprodukt.de\/de\/wp-json\/wp\/v2\/types\/page"}],"author":[{"embeddable":true,"href":"https:\/\/goldprodukt.de\/de\/wp-json\/wp\/v2\/users\/1"}],"replies":[{"embeddable":true,"href":"https:\/\/goldprodukt.de\/de\/wp-json\/wp\/v2\/comments?post=487"}],"version-history":[{"count":3,"href":"https:\/\/goldprodukt.de\/de\/wp-json\/wp\/v2\/pages\/487\/revisions"}],"predecessor-version":[{"id":556,"href":"https:\/\/goldprodukt.de\/de\/wp-json\/wp\/v2\/pages\/487\/revisions\/556"}],"up":[{"embeddable":true,"href":"https:\/\/goldprodukt.de\/de\/wp-json\/wp\/v2\/pages\/534"}],"wp:attachment":[{"href":"https:\/\/goldprodukt.de\/de\/wp-json\/wp\/v2\/media?parent=487"}],"curies":[{"name":"wp","href":"https:\/\/api.w.org\/{rel}","templated":true}]}}