{"id":491,"date":"2014-05-27T12:45:39","date_gmt":"2014-05-27T12:45:39","guid":{"rendered":"https:\/\/goldprodukt.de\/?page_id=491"},"modified":"2015-02-15T21:33:10","modified_gmt":"2015-02-15T21:33:10","slug":"curry-de-luxe","status":"publish","type":"page","link":"https:\/\/goldprodukt.de\/de\/kollektionen\/curry-de-luxe\/","title":{"rendered":"Curry de Luxe"},"content":{"rendered":"<p><strong>Die altbekannte Gabel von der Pommesbude in neuem Gewand.<\/strong> Gegossen aus 800\/\u2013 Silber ist<br \/>\ndieser Pieker salonf\u00e4hig. Nicht nur f\u00fcr frittierte Kartoffelstreifen, auch f\u00fcr feierliche Anl\u00e4sse und ausgelassene Parties ist dieses Vorlegebesteck mit einem Augenzwinkern stets zu Diensten.<\/p>\n<p><a href=\"https:\/\/goldprodukt.de\/wp-content\/uploads\/2013\/11\/18_18_frenchfriesdeluxe.jpg\"><img loading=\"lazy\" decoding=\"async\" class=\"alignnone size-medium wp-image-60\" src=\"https:\/\/goldprodukt.de\/wp-content\/uploads\/2013\/11\/18_18_frenchfriesdeluxe-300x225.jpg\" alt=\"18_18_frenchfriesdeluxe\" width=\"300\" height=\"225\" srcset=\"https:\/\/goldprodukt.de\/wp-content\/uploads\/2013\/11\/18_18_frenchfriesdeluxe-300x225.jpg 300w, https:\/\/goldprodukt.de\/wp-content\/uploads\/2013\/11\/18_18_frenchfriesdeluxe.jpg 504w\" sizes=\"(max-width: 300px) 100vw, 300px\" \/><\/a> <a href=\"https:\/\/goldprodukt.de\/wp-content\/uploads\/2013\/11\/18_18_pommespiekersilber.jpg\"><img loading=\"lazy\" decoding=\"async\" class=\"alignnone size-medium wp-image-61\" src=\"https:\/\/goldprodukt.de\/wp-content\/uploads\/2013\/11\/18_18_pommespiekersilber-300x225.jpg\" alt=\"18_18_pommespiekersilber\" width=\"300\" height=\"225\" srcset=\"https:\/\/goldprodukt.de\/wp-content\/uploads\/2013\/11\/18_18_pommespiekersilber-300x225.jpg 300w, https:\/\/goldprodukt.de\/wp-content\/uploads\/2013\/11\/18_18_pommespiekersilber.jpg 504w\" sizes=\"(max-width: 300px) 100vw, 300px\" \/><\/a><\/p>\n","protected":false},"excerpt":{"rendered":"<p>Die altbekannte Gabel von der Pommesbude in neuem Gewand. Gegossen aus 800\/\u2013 Silber ist dieser Pieker salonf\u00e4hig. Nicht nur f\u00fcr frittierte Kartoffelstreifen, auch f\u00fcr feierliche Anl\u00e4sse und ausgelassene Parties ist dieses Vorlegebesteck mit einem Augenzwinkern stets zu Diensten.<\/p>\n","protected":false},"author":1,"featured_media":0,"parent":523,"menu_order":0,"comment_status":"closed","ping_status":"closed","template":"","meta":{"footnotes":"","_links_to":"","_links_to_target":""},"class_list":["post-491","page","type-page","status-publish","hentry"],"_links":{"self":[{"href":"https:\/\/goldprodukt.de\/de\/wp-json\/wp\/v2\/pages\/491"}],"collection":[{"href":"https:\/\/goldprodukt.de\/de\/wp-json\/wp\/v2\/pages"}],"about":[{"href":"https:\/\/goldprodukt.de\/de\/wp-json\/wp\/v2\/types\/page"}],"author":[{"embeddable":true,"href":"https:\/\/goldprodukt.de\/de\/wp-json\/wp\/v2\/users\/1"}],"replies":[{"embeddable":true,"href":"https:\/\/goldprodukt.de\/de\/wp-json\/wp\/v2\/comments?post=491"}],"version-history":[{"count":3,"href":"https:\/\/goldprodukt.de\/de\/wp-json\/wp\/v2\/pages\/491\/revisions"}],"predecessor-version":[{"id":561,"href":"https:\/\/goldprodukt.de\/de\/wp-json\/wp\/v2\/pages\/491\/revisions\/561"}],"up":[{"embeddable":true,"href":"https:\/\/goldprodukt.de\/de\/wp-json\/wp\/v2\/pages\/523"}],"wp:attachment":[{"href":"https:\/\/goldprodukt.de\/de\/wp-json\/wp\/v2\/media?parent=491"}],"curies":[{"name":"wp","href":"https:\/\/api.w.org\/{rel}","templated":true}]}}