{"id":511,"date":"2014-05-27T13:03:03","date_gmt":"2014-05-27T13:03:03","guid":{"rendered":"https:\/\/goldprodukt.de\/?page_id=511"},"modified":"2019-08-05T11:53:20","modified_gmt":"2019-08-05T11:53:20","slug":"blinkbags","status":"publish","type":"page","link":"https:\/\/goldprodukt.de\/de\/produkte\/blinkbags\/","title":{"rendered":"BLINKbags"},"content":{"rendered":"<div style=\"width: 50%; padding: 40px; float: left;\"><span style=\"font-size: 40px; line-height: 50px;\"><em>&#8216;So leuchtend, dass<br \/>\nsie Leben<br \/>\nretten kann.&#8217;<\/em><\/span><\/p>\n<p><strong>BLINKbags<\/strong> werden aus neongelbem Baumwollstoff hergestellt. Sie bieten stylischen Schutz auf dem Fahrrad und im Stra\u00dfenverkehr. Das Material ist sehr d\u00fcnn und gleichzeitig sehr stabil. Die Tasche kann flach gefaltet f\u00fcr den Einkauf mitgenommen werden, aber auch sicher den Laptop transportieren.<\/p>\n<p>M \/ S <strong><del>49\u20ac<\/del> <a href=\"https:\/\/goldprodukt.de\/product\/blinkbag\/\">39\u20ac special<\/a><\/strong><\/div>\n<div style=\"width: auto; float: left;\"><div id=\"metaslider-id-193\" style=\"width: 100%;\" class=\"ml-slider-3-107-0 metaslider metaslider-responsive metaslider-193 ml-slider ms-theme-default\" role=\"region\" aria-label=\"New Slider\" data-height=\"400\" data-width=\"300\">\n    <div id=\"metaslider_container_193\">\n        <ul id='metaslider_193' class='rslides'>\n            <li aria-roledescription='slide' aria-labelledby='slide-0'><img loading=\"lazy\" decoding=\"async\" src=\"https:\/\/goldprodukt.de\/wp-content\/uploads\/2013\/11\/IMGP2216.jpg\" height=\"400\" width=\"300\" alt=\"\" class=\"slider-193 slide-196 msDefaultImage\" \/><\/li>\n            <li style='display: none;' aria-roledescription='slide' aria-labelledby='slide-1'><img loading=\"lazy\" decoding=\"async\" src=\"https:\/\/goldprodukt.de\/wp-content\/uploads\/2013\/11\/IMGP2290.jpg\" height=\"400\" width=\"300\" alt=\"\" class=\"slider-193 slide-198 msDefaultImage\" \/><\/li>\n            <li style='display: none;' aria-roledescription='slide' aria-labelledby='slide-2'><img loading=\"lazy\" decoding=\"async\" src=\"https:\/\/goldprodukt.de\/wp-content\/uploads\/2013\/11\/IMGP2306.jpg\" height=\"400\" width=\"300\" alt=\"\" class=\"slider-193 slide-199 msDefaultImage\" \/><\/li>\n            <li style='display: none;' aria-roledescription='slide' aria-labelledby='slide-3'><img loading=\"lazy\" decoding=\"async\" src=\"https:\/\/goldprodukt.de\/wp-content\/uploads\/2013\/11\/IMGP2269_fixed.jpg\" height=\"400\" width=\"300\" alt=\"\" class=\"slider-193 slide-197 msDefaultImage\" \/><\/li>\n        <\/ul>\n        \n    <\/div>\n<\/div><\/div>\n<div class=\"clear\"><\/div>\n<h3>Zwei Modelle \u2013 Messenger und Shopper<\/h3>\n<figure id=\"attachment_187\" aria-describedby=\"caption-attachment-187\" style=\"width: 200px\" class=\"wp-caption alignleft\"><a href=\"https:\/\/goldprodukt.de\/wp-content\/uploads\/2013\/11\/32_19_19_mensback2_v2.jpg\"><img loading=\"lazy\" decoding=\"async\" class=\"size-thumbnail wp-image-187\" src=\"https:\/\/goldprodukt.de\/wp-content\/uploads\/2013\/11\/32_19_19_mensback2_v2-200x200.jpg\" alt=\"Messenger\" width=\"200\" height=\"200\" srcset=\"https:\/\/goldprodukt.de\/wp-content\/uploads\/2013\/11\/32_19_19_mensback2_v2-200x200.jpg 200w, https:\/\/goldprodukt.de\/wp-content\/uploads\/2013\/11\/32_19_19_mensback2_v2-150x150.jpg 150w, https:\/\/goldprodukt.de\/wp-content\/uploads\/2013\/11\/32_19_19_mensback2_v2-100x100.jpg 100w\" sizes=\"(max-width: 200px) 100vw, 200px\" \/><\/a><figcaption id=\"caption-attachment-187\" class=\"wp-caption-text\">Messenger<\/figcaption><\/figure>\n<figure id=\"attachment_186\" aria-describedby=\"caption-attachment-186\" style=\"width: 200px\" class=\"wp-caption alignleft\"><a href=\"https:\/\/goldprodukt.de\/wp-content\/uploads\/2013\/11\/32_19_19_womenback_v2.jpg\"><img loading=\"lazy\" decoding=\"async\" class=\"size-thumbnail wp-image-186\" src=\"https:\/\/goldprodukt.de\/wp-content\/uploads\/2013\/11\/32_19_19_womenback_v2-200x200.jpg\" alt=\"Shopper\" width=\"200\" height=\"200\" srcset=\"https:\/\/goldprodukt.de\/wp-content\/uploads\/2013\/11\/32_19_19_womenback_v2-200x200.jpg 200w, https:\/\/goldprodukt.de\/wp-content\/uploads\/2013\/11\/32_19_19_womenback_v2-150x150.jpg 150w, https:\/\/goldprodukt.de\/wp-content\/uploads\/2013\/11\/32_19_19_womenback_v2-100x100.jpg 100w\" sizes=\"(max-width: 200px) 100vw, 200px\" \/><\/a><figcaption id=\"caption-attachment-186\" class=\"wp-caption-text\">Shopper<\/figcaption><\/figure>\n<div class=\"call-to-action\" style=\"float: left; padding-left: 100px; text-align: center;\"><a class=\"button\" title=\"BLINKbag\" href=\"https:\/\/goldprodukt.de\/product\/blinkbag\/\">online bestellen<\/a><\/p>\n<h5 style=\"padding-top: 20px;\">verf\u00fcgbar in Berlin<\/h5>\n<p>Isarstr. 3<br \/>\n12053 Neuk\u00f6lln<\/p>\n<\/div>\n","protected":false},"excerpt":{"rendered":"<p>&#8216;So leuchtend, dass sie Leben retten kann.&#8217; BLINKbags werden aus neongelbem Baumwollstoff hergestellt. Sie bieten stylischen Schutz auf dem Fahrrad und im Stra\u00dfenverkehr. Das Material ist sehr d\u00fcnn und gleichzeitig sehr stabil. Die Tasche kann flach gefaltet f\u00fcr den Einkauf mitgenommen werden, aber auch sicher den Laptop transportieren. M \/ S 49\u20ac 39\u20ac special Zwei [&hellip;]<\/p>\n","protected":false},"author":1,"featured_media":0,"parent":1537,"menu_order":0,"comment_status":"closed","ping_status":"closed","template":"full-width-page.php","meta":{"footnotes":"","_links_to":"","_links_to_target":""},"class_list":["post-511","page","type-page","status-publish","hentry"],"_links":{"self":[{"href":"https:\/\/goldprodukt.de\/de\/wp-json\/wp\/v2\/pages\/511"}],"collection":[{"href":"https:\/\/goldprodukt.de\/de\/wp-json\/wp\/v2\/pages"}],"about":[{"href":"https:\/\/goldprodukt.de\/de\/wp-json\/wp\/v2\/types\/page"}],"author":[{"embeddable":true,"href":"https:\/\/goldprodukt.de\/de\/wp-json\/wp\/v2\/users\/1"}],"replies":[{"embeddable":true,"href":"https:\/\/goldprodukt.de\/de\/wp-json\/wp\/v2\/comments?post=511"}],"version-history":[{"count":3,"href":"https:\/\/goldprodukt.de\/de\/wp-json\/wp\/v2\/pages\/511\/revisions"}],"predecessor-version":[{"id":2393,"href":"https:\/\/goldprodukt.de\/de\/wp-json\/wp\/v2\/pages\/511\/revisions\/2393"}],"up":[{"embeddable":true,"href":"https:\/\/goldprodukt.de\/de\/wp-json\/wp\/v2\/pages\/1537"}],"wp:attachment":[{"href":"https:\/\/goldprodukt.de\/de\/wp-json\/wp\/v2\/media?parent=511"}],"curies":[{"name":"wp","href":"https:\/\/api.w.org\/{rel}","templated":true}]}}