{"id":515,"date":"2014-05-27T13:04:40","date_gmt":"2014-05-27T13:04:40","guid":{"rendered":"https:\/\/goldprodukt.de\/?page_id=515"},"modified":"2014-06-02T12:15:29","modified_gmt":"2014-06-02T12:15:29","slug":"ladies-first","status":"publish","type":"page","link":"https:\/\/goldprodukt.de\/de\/tragbares\/ladies-first\/","title":{"rendered":"Ladies 1st."},"content":{"rendered":"<p>Sie sind eine <strong>Ode an die Weiblichkeit<\/strong>, diese diskreten und kostbaren Beh\u00e4ltnisse f\u00fcr die monatlichen Bed\u00fcrfnisse.<\/p>\n<p>Es passen entweder ein Tampon und zwei Schmerztabletten oder zwei Tampons und vier Schmerztabletten.<\/p>\n<p>Sie k\u00f6nnen selbstverst\u00e4ndlich auch zweckentfremdet werden.<\/p>\n<div id='gallery-1' class='gallery galleryid-515 gallery-columns-3 gallery-size-thumbnail'><figure class='gallery-item'>\n\t\t\t<div class='gallery-icon landscape'>\n\t\t\t\t<a href='https:\/\/goldprodukt.de\/wp-content\/uploads\/2013\/11\/11_11_2tampons1.jpg'><img loading=\"lazy\" decoding=\"async\" width=\"200\" height=\"149\" src=\"https:\/\/goldprodukt.de\/wp-content\/uploads\/2013\/11\/11_11_2tampons1.jpg\" class=\"attachment-thumbnail size-thumbnail\" alt=\"\" srcset=\"https:\/\/goldprodukt.de\/wp-content\/uploads\/2013\/11\/11_11_2tampons1.jpg 508w, https:\/\/goldprodukt.de\/wp-content\/uploads\/2013\/11\/11_11_2tampons1-300x223.jpg 300w\" sizes=\"(max-width: 200px) 100vw, 200px\" \/><\/a>\n\t\t\t<\/div><\/figure><figure class='gallery-item'>\n\t\t\t<div class='gallery-icon landscape'>\n\t\t\t\t<a href='https:\/\/goldprodukt.de\/wp-content\/uploads\/2013\/11\/11_11_2tampons2.jpg'><img loading=\"lazy\" decoding=\"async\" width=\"200\" height=\"149\" src=\"https:\/\/goldprodukt.de\/wp-content\/uploads\/2013\/11\/11_11_2tampons2.jpg\" class=\"attachment-thumbnail size-thumbnail\" alt=\"\" srcset=\"https:\/\/goldprodukt.de\/wp-content\/uploads\/2013\/11\/11_11_2tampons2.jpg 508w, https:\/\/goldprodukt.de\/wp-content\/uploads\/2013\/11\/11_11_2tampons2-300x223.jpg 300w\" sizes=\"(max-width: 200px) 100vw, 200px\" \/><\/a>\n\t\t\t<\/div><\/figure><figure class='gallery-item'>\n\t\t\t<div class='gallery-icon landscape'>\n\t\t\t\t<a href='https:\/\/goldprodukt.de\/wp-content\/uploads\/2013\/11\/11_11_tamponbox1.jpg'><img loading=\"lazy\" decoding=\"async\" width=\"200\" height=\"149\" src=\"https:\/\/goldprodukt.de\/wp-content\/uploads\/2013\/11\/11_11_tamponbox1.jpg\" class=\"attachment-thumbnail size-thumbnail\" alt=\"\" srcset=\"https:\/\/goldprodukt.de\/wp-content\/uploads\/2013\/11\/11_11_tamponbox1.jpg 508w, https:\/\/goldprodukt.de\/wp-content\/uploads\/2013\/11\/11_11_tamponbox1-300x223.jpg 300w\" sizes=\"(max-width: 200px) 100vw, 200px\" \/><\/a>\n\t\t\t<\/div><\/figure><figure class='gallery-item'>\n\t\t\t<div class='gallery-icon landscape'>\n\t\t\t\t<a href='https:\/\/goldprodukt.de\/wp-content\/uploads\/2013\/11\/11_11_tamponbox2.jpg'><img loading=\"lazy\" decoding=\"async\" width=\"200\" height=\"149\" src=\"https:\/\/goldprodukt.de\/wp-content\/uploads\/2013\/11\/11_11_tamponbox2.jpg\" class=\"attachment-thumbnail size-thumbnail\" alt=\"\" srcset=\"https:\/\/goldprodukt.de\/wp-content\/uploads\/2013\/11\/11_11_tamponbox2.jpg 508w, https:\/\/goldprodukt.de\/wp-content\/uploads\/2013\/11\/11_11_tamponbox2-300x223.jpg 300w\" sizes=\"(max-width: 200px) 100vw, 200px\" \/><\/a>\n\t\t\t<\/div><\/figure><figure class='gallery-item'>\n\t\t\t<div class='gallery-icon landscape'>\n\t\t\t\t<a href='https:\/\/goldprodukt.de\/wp-content\/uploads\/2013\/11\/11_11_tamponbox3.jpg'><img loading=\"lazy\" decoding=\"async\" width=\"200\" height=\"149\" src=\"https:\/\/goldprodukt.de\/wp-content\/uploads\/2013\/11\/11_11_tamponbox3.jpg\" class=\"attachment-thumbnail size-thumbnail\" alt=\"\" srcset=\"https:\/\/goldprodukt.de\/wp-content\/uploads\/2013\/11\/11_11_tamponbox3.jpg 508w, https:\/\/goldprodukt.de\/wp-content\/uploads\/2013\/11\/11_11_tamponbox3-300x223.jpg 300w\" sizes=\"(max-width: 200px) 100vw, 200px\" \/><\/a>\n\t\t\t<\/div><\/figure>\n\t\t<\/div>\n\n","protected":false},"excerpt":{"rendered":"<p>Sie sind eine Ode an die Weiblichkeit, diese diskreten und kostbaren Beh\u00e4ltnisse f\u00fcr die monatlichen Bed\u00fcrfnisse. Es passen entweder ein Tampon und zwei Schmerztabletten oder zwei Tampons und vier Schmerztabletten. Sie k\u00f6nnen selbstverst\u00e4ndlich auch zweckentfremdet werden.<\/p>\n","protected":false},"author":1,"featured_media":0,"parent":529,"menu_order":0,"comment_status":"closed","ping_status":"closed","template":"","meta":{"footnotes":"","_links_to":"","_links_to_target":""},"class_list":["post-515","page","type-page","status-publish","hentry"],"_links":{"self":[{"href":"https:\/\/goldprodukt.de\/de\/wp-json\/wp\/v2\/pages\/515"}],"collection":[{"href":"https:\/\/goldprodukt.de\/de\/wp-json\/wp\/v2\/pages"}],"about":[{"href":"https:\/\/goldprodukt.de\/de\/wp-json\/wp\/v2\/types\/page"}],"author":[{"embeddable":true,"href":"https:\/\/goldprodukt.de\/de\/wp-json\/wp\/v2\/users\/1"}],"replies":[{"embeddable":true,"href":"https:\/\/goldprodukt.de\/de\/wp-json\/wp\/v2\/comments?post=515"}],"version-history":[{"count":3,"href":"https:\/\/goldprodukt.de\/de\/wp-json\/wp\/v2\/pages\/515\/revisions"}],"predecessor-version":[{"id":587,"href":"https:\/\/goldprodukt.de\/de\/wp-json\/wp\/v2\/pages\/515\/revisions\/587"}],"up":[{"embeddable":true,"href":"https:\/\/goldprodukt.de\/de\/wp-json\/wp\/v2\/pages\/529"}],"wp:attachment":[{"href":"https:\/\/goldprodukt.de\/de\/wp-json\/wp\/v2\/media?parent=515"}],"curies":[{"name":"wp","href":"https:\/\/api.w.org\/{rel}","templated":true}]}}