{"id":598,"date":"2014-06-16T12:31:19","date_gmt":"2014-06-16T12:31:19","guid":{"rendered":"https:\/\/goldprodukt.de\/?page_id=598"},"modified":"2023-03-23T10:58:21","modified_gmt":"2023-03-23T10:58:21","slug":"gaestebuch","status":"publish","type":"page","link":"https:\/\/goldprodukt.de\/de\/jewellery\/eheringe-workshops-berlin\/gaestebuch\/","title":{"rendered":"G\u00e4stebuch"},"content":{"rendered":"<section class=\"wpb-content-wrapper\"><p>[vc_row][vc_column width=&#8221;1\/2&#8243;][vc_column_text]<strong>Carolina &amp; Kilian<\/strong><br \/>\nDear Susanne,<br \/>\nWe can\u2019t thank you enough for making the workshop such a special day for us. We had a great time and will never forget the experience. We are in love with our new wedding rings and can\u2019t wait to tell everyone in Brasil about the whole process. We wish you all the best and hope seeing you again![\/vc_column_text][vc_column_text]<strong>Christine &amp; Eric<\/strong><br \/>\nEs war eine unglaubliche Erfahrung, die Eheringe des anderen in einem Workshop anzufertigen &#8211; und das fertige Produkt noch am selben Tag in den H\u00e4nden halten zu k\u00f6nnen! Susanne ist eine herzliche und freundliche Person, und ihr Fachwissen ist offensichtlich. Sie hat uns sowohl bei der Auswahl der richtigen Ma\u00dfe f\u00fcr die Ringe als auch bei den verschiedenen Fertigungsschritten beraten. Die fertigen Ringe sind von professioneller Qualit\u00e4t, passen uns perfekt und sind genau wie gew\u00fcnscht. Es ist ein wunderbares, romantisches Gef\u00fchl, unsere Ringe zu betrachten und zu wissen, dass wir sie f\u00fcreinander gemacht haben.[\/vc_column_text][vc_column_text]<strong>Rachael &amp; Lukas<\/strong><br \/>\nWir haben uns an einem Nachmittag im Mai gegenseitig Eheringe gemacht. Von Anfang an h\u00e4tte Susanne nicht freundlicher oder zuvorkommender sein k\u00f6nnen (und ihr Englisch ist fantastisch). Sie hat uns durch den gesamten Designprozess gef\u00fchrt, von der Auswahl des Metalls bis hin zur Entscheidung \u00fcber Formen und Gr\u00f6\u00dfen: die M\u00f6glichkeiten sind endlos. Am Tag der Herstellung f\u00fchlten wir uns nie \u00fcberfordert, sondern wurden von einer echten Expertin angeleitet, die ihr Handwerk offensichtlich mit Leidenschaft betreibt. Es war wirklich faszinierend, in Susannes sch\u00f6nem Atelier zu lernen, wie man das Metall bearbeitet und welche verschiedenen Arbeitsschritte und Werkzeuge (einige davon aufregend feurig) damit verbunden sind. Ein paar Stunden sp\u00e4ter hatten wir zwei einzigartige und wundersch\u00f6ne Ringe, die wir beide lieben und auf die wir sehr stolz sind. Es ist ein ganz besonderes Gef\u00fchl, dass wir beide das tragen werden, wor\u00fcber der andere (buchst\u00e4blich) geschwitzt hat, und jedes Mal, wenn wir unsere Ringe anschauen, werden wir uns an diesen Tag und unsere Zeit in Berlin erinnern. Eine brillante Erfahrung, die jedem zu empfehlen ist, von alten Romantikern \u00fcber begeisterte Selbermacher bis hin zu designaffinen Paaren, die etwas ganz Besonderes suchen. Und f\u00fcr alle, die glauben, dass sie nicht so gut mit ihren H\u00e4nden umgehen k\u00f6nnen, k\u00f6nnen Sie sich selbst \u00fcberraschen.[\/vc_column_text][vc_column_text]<\/p>\n<p class=\"p5\"><strong>Conny &amp;\u00a0Daniel<br \/>\n<\/strong>Wir waren Ende September bei Dir, als Du Dich ganz kurzfristig (10 Tage vor unserer Hochzeit) bereit erkl\u00e4rt hattest, mit uns einen Workshop zu machen. Es war ein wunderbarer Tag! Ganz entspannt haben wir in nur sechs Stunden unsere Ringe geschmiedet, obwohl wir nicht die geringste Vorstellung davon hatten, wie das vonstatten gehen sollte. Du hast\u00a0uns jeden Arbeitsschritt genau erkl\u00e4rt und gezeigt und dann konnten wir loslegen &#8211; es war \u00fcberraschender und einfacher, als gedacht, zumal mit ihrer fachkundigen Unterst\u00fctzung. Wie aus zwei eckigen Goldst\u00e4bchen zwei so sch\u00f6ne Ringe werden konnten, ist wirklich ein Wunder! Wir haben alle Schritte fotographisch festgehalten und diese Fotos auch mit in unser Hochzeitsalbum aufgenommen. Die Ringe machen uns sehr viel Freude, gerade weil wir wissen, dass unser eigenes &#8220;Herzblut&#8221; im Ring des\/der anderen steckt, und weil sie gr\u00f6\u00dfenm\u00e4\u00dfig genau ineinander passen und somit &#8220;eins&#8221; sind. Danke nochmals f\u00fcr Deine\u00a0Begleitung und Unterst\u00fctzung und weiterhin auch Dir\u00a0viel Freude am Ringeschmieden! Conny und Daniel<\/p>\n<p>[\/vc_column_text][vc_column_text]<\/p>\n<p class=\"p5\"><strong>Susen &amp;\u00a0Torsten<br \/>\n<\/strong>Wir haben am im Juni\u00a0bei Susanne in Berlin unsere Traumringe gefertigt. Als erstes wollen wir Susanne recht herzlich f\u00fcr die tolle, ungezwungene und sehr professionelle Betreuung und Anleitung danken. Als zweites wollen wir betonen, dass wir sehr zufieden sind mit der Umsetzung unserer Vorstellungen. Kaum zu glauben, dass so ein tolles Resultat entstanden ist. Absolut empfehlenswert, wenn man seinem Ring einen pers\u00f6nlichen Touch verleihen m\u00f6chte und eine eigene Philosophie umsetzen will. WEITER SO. Bald werden alle Eheringe selbst gefertigt.<\/p>\n<p>[\/vc_column_text][vc_column_text]<strong>Doreen &amp; Marcus<br \/>\n<\/strong>Vielen Dank f\u00fcr die tolle Unterst\u00fctzung bei der Gestaltung und Anfertigung unserer Trauringe. F\u00fcr uns wird das Schmieden der Trauringe ein unvergesslicher Tag in unserem Leben sein. Besonders bedanken wir uns bei Susanne\u00a0hat\u00a0uns alles so wunderbar erkl\u00e4rt und mit uns bis sp\u00e4t abends &#8211; 21.00 Uhr &#8211; unseren Traum von den perfekte Ringen umgesetzt. Das Ergebnis hat uns total begeistert und nun sind wir schon gespannt, wie die fertigen Ringe mit Stein und Gravur aussehen. Viele Gr\u00fcsse Marcus &amp; Doreen[\/vc_column_text][vc_column_text]<strong>Britta &amp; Martin<br \/>\n<\/strong>Im April\u00a0haben wir unsere Ringe &#8220;gebaut&#8221; und wir finden die wirklich toll. Danke an Susanne, die uns auf der Hochzeitsmesse davon \u00fcberzeugt hat und uns auch beim Bauen &#8220;hammerhart&#8221; unterst\u00fctzt hat. Jetzt muss noch der Tag kommen, wo wir die Ringe allen zeigen&#8230; Liebe Gr\u00fc\u00dfe![\/vc_column_text][vc_column_text]<strong>G\u00fczel &amp;\u00a0Martin<br \/>\n<\/strong>Wir sind sehr zufrieden mit unseren selbst erstellten Ringen. Es hat super viel Spa\u00df gemacht und es fast schade, dass dieser Anlass nur einmal im Leben gegeben ist (zumindestens hoffen wir das f\u00fcr uns ;-)). Durch die professionelle Unterst\u00fctzung sind auch unsere etwas komplizierteren Ringe (Gold+Wei\u00dfgold, schr\u00e4ger Schnitt) sehr gut geworden. Auch die handschriftliche Gravur ist sogar auf Tatarisch gut umgesetzt worden. Vielen Dank![\/vc_column_text][vc_column_text]<strong>Regina &amp; Sven<\/strong><br \/>\nLiebe Susanne, herzlichen Dank f\u00fcr die tolle Betreuung, wir haben uns sehr wohl mit Deiner fachkundigen Unterst\u00fctzung gef\u00fchlt! Und die Ergebnisse sprechen f\u00fcr sich![\/vc_column_text][\/vc_column][vc_column width=&#8221;1\/2&#8243; css=&#8221;.vc_custom_1574845674164{padding-right: 50px !important;padding-left: 50px !important;}&#8221;][vc_column_text]Danke f\u00fcr Ihr Feedback![\/vc_column_text]<script type=\"text\/javascript\">var gform;gform||(document.addEventListener(\"gform_main_scripts_loaded\",function(){gform.scriptsLoaded=!0}),window.addEventListener(\"DOMContentLoaded\",function(){gform.domLoaded=!0}),gform={domLoaded:!1,scriptsLoaded:!1,initializeOnLoaded:function(o){gform.domLoaded&&gform.scriptsLoaded?o():!gform.domLoaded&&gform.scriptsLoaded?window.addEventListener(\"DOMContentLoaded\",o):document.addEventListener(\"gform_main_scripts_loaded\",o)},hooks:{action:{},filter:{}},addAction:function(o,n,r,t){gform.addHook(\"action\",o,n,r,t)},addFilter:function(o,n,r,t){gform.addHook(\"filter\",o,n,r,t)},doAction:function(o){gform.doHook(\"action\",o,arguments)},applyFilters:function(o){return gform.doHook(\"filter\",o,arguments)},removeAction:function(o,n){gform.removeHook(\"action\",o,n)},removeFilter:function(o,n,r){gform.removeHook(\"filter\",o,n,r)},addHook:function(o,n,r,t,i){null==gform.hooks[o][n]&&(gform.hooks[o][n]=[]);var e=gform.hooks[o][n];null==i&&(i=n+\"_\"+e.length),gform.hooks[o][n].push({tag:i,callable:r,priority:t=null==t?10:t})},doHook:function(n,o,r){var t;if(r=Array.prototype.slice.call(r,1),null!=gform.hooks[n][o]&&((o=gform.hooks[n][o]).sort(function(o,n){return o.priority-n.priority}),o.forEach(function(o){\"function\"!=typeof(t=o.callable)&&(t=window[t]),\"action\"==n?t.apply(null,r):r[0]=t.apply(null,r)})),\"filter\"==n)return r[0]},removeHook:function(o,n,t,i){var r;null!=gform.hooks[o][n]&&(r=(r=gform.hooks[o][n]).filter(function(o,n,r){return!!(null!=i&&i!=o.tag||null!=t&&t!=o.priority)}),gform.hooks[o][n]=r)}});<\/script>\n                <div class='gf_browser_gecko gform_wrapper gform_legacy_markup_wrapper gform-theme--no-framework' data-form-theme='legacy' data-form-index='0' id='gform_wrapper_2' style='display:none'><div id='gf_2' class='gform_anchor' tabindex='-1'><\/div><form method='post' enctype='multipart\/form-data' target='gform_ajax_frame_2' id='gform_2'  action='\/de\/wp-json\/wp\/v2\/pages\/598#gf_2' data-formid='2' novalidate>\n                        <div class='gform-body gform_body'><ul id='gform_fields_2' class='gform_fields top_label form_sublabel_below description_below validation_below'><li id=\"field_2_1\" class=\"gfield gfield--type-name gfield_contains_required field_sublabel_hidden_label gfield--no-description field_description_below hidden_label field_validation_below gfield_visibility_visible\"  data-js-reload=\"field_2_1\" ><label class='gfield_label gform-field-label gfield_label_before_complex' >Name<span class=\"gfield_required\"><span class=\"gfield_required gfield_required_asterisk\">*<\/span><\/span><\/label><div class='ginput_complex ginput_container ginput_container--name no_prefix has_first_name no_middle_name has_last_name no_suffix gf_name_has_2 ginput_container_name gform-grid-row' id='input_2_1'>\n                            \n                            <span id='input_2_1_3_container' class='name_first gform-grid-col gform-grid-col--size-auto' >\n                                                    <input type='text' name='input_1.3' id='input_2_1_3' value=''   aria-required='true'   placeholder='First'  \/>\n                                                    <label for='input_2_1_3' class='gform-field-label gform-field-label--type-sub hidden_sub_label screen-reader-text'>Vorname<\/label>\n                                                <\/span>\n                            \n                            <span id='input_2_1_6_container' class='name_last gform-grid-col gform-grid-col--size-auto' >\n                                                    <input type='text' name='input_1.6' id='input_2_1_6' value=''   aria-required='true'   placeholder='Last'  \/>\n                                                    <label for='input_2_1_6' class='gform-field-label gform-field-label--type-sub hidden_sub_label screen-reader-text'>Nachname<\/label>\n                                                <\/span>\n                            \n                        <\/div><\/li><li id=\"field_2_2\" class=\"gfield gfield--type-email gfield_contains_required field_sublabel_below gfield--no-description field_description_below hidden_label field_validation_below gfield_visibility_visible\"  data-js-reload=\"field_2_2\" ><label class='gfield_label gform-field-label' for='input_2_2'>Email<span class=\"gfield_required\"><span class=\"gfield_required gfield_required_asterisk\">*<\/span><\/span><\/label><div class='ginput_container ginput_container_email'>\n                            <input name='input_2' id='input_2_2' type='email' value='' class='large'   placeholder='Email' aria-required=\"true\" aria-invalid=\"false\"  \/>\n                        <\/div><\/li><li id=\"field_2_3\" class=\"gfield gfield--type-textarea gfield_contains_required field_sublabel_below gfield--no-description field_description_below hidden_label field_validation_below gfield_visibility_visible\"  data-js-reload=\"field_2_3\" ><label class='gfield_label gform-field-label' for='input_2_3'>Testimonial<span class=\"gfield_required\"><span class=\"gfield_required gfield_required_asterisk\">*<\/span><\/span><\/label><div class='ginput_container ginput_container_textarea'><textarea name='input_3' id='input_2_3' class='textarea large'    placeholder='Your testimonial...' aria-required=\"true\" aria-invalid=\"false\"   rows='10' cols='50'><\/textarea><\/div><\/li><li id=\"field_2_4\" class=\"gfield gfield--type-honeypot gform_validation_container field_sublabel_below gfield--has-description field_description_below field_validation_below gfield_visibility_visible\"  data-js-reload=\"field_2_4\" ><label class='gfield_label gform-field-label' for='input_2_4'>Phone<\/label><div class='ginput_container'><input name='input_4' id='input_2_4' type='text' value='' autocomplete='new-password'\/><\/div><div class='gfield_description' id='gfield_description_2_4'>Dieses Feld dient zur Validierung und sollte nicht ver\u00e4ndert werden.<\/div><\/li><\/ul><\/div>\n        <div class='gform_footer top_label'> <input type='submit' id='gform_submit_button_2' class='gform_button button' value='Submit'  onclick='if(window[\"gf_submitting_2\"]){return false;}  if( !jQuery(\"#gform_2\")[0].checkValidity || jQuery(\"#gform_2\")[0].checkValidity()){window[\"gf_submitting_2\"]=true;}  ' onkeypress='if( event.keyCode == 13 ){ if(window[\"gf_submitting_2\"]){return false;} if( !jQuery(\"#gform_2\")[0].checkValidity || jQuery(\"#gform_2\")[0].checkValidity()){window[\"gf_submitting_2\"]=true;}  jQuery(\"#gform_2\").trigger(\"submit\",[true]); }' \/> <input type='hidden' name='gform_ajax' value='form_id=2&amp;title=&amp;description=&amp;tabindex=0&amp;theme=legacy' \/>\n            <input type='hidden' class='gform_hidden' name='is_submit_2' value='1' \/>\n            <input type='hidden' class='gform_hidden' name='gform_submit' value='2' \/>\n            \n            <input type='hidden' class='gform_hidden' name='gform_unique_id' value='' \/>\n            <input type='hidden' class='gform_hidden' name='state_2' value='WyJbXSIsIjhlOTQ4YzVkZjFmMDQ1YmRlYzE4OTcxODRjNTMyZDMzIl0=' \/>\n            <input type='hidden' class='gform_hidden' name='gform_target_page_number_2' id='gform_target_page_number_2' value='0' \/>\n            <input type='hidden' class='gform_hidden' name='gform_source_page_number_2' id='gform_source_page_number_2' value='1' \/>\n            <input type='hidden' name='gform_field_values' value='' \/>\n            \n        <\/div>\n                        <\/form>\n                        <\/div>\n\t\t                <iframe style='display:none;width:0px;height:0px;' src='about:blank' name='gform_ajax_frame_2' id='gform_ajax_frame_2' title='Dieser iframe enth\u00e4lt die erforderliche Logik um Gravity Forms Formulare mit AJAX zu handhaben.'><\/iframe>\n\t\t                <script type=\"text\/javascript\">\n\/* <![CDATA[ *\/\n gform.initializeOnLoaded( function() {gformInitSpinner( 2, 'https:\/\/goldprodukt.de\/wp-content\/plugins\/gravityforms\/images\/spinner.svg', true );jQuery('#gform_ajax_frame_2').on('load',function(){var contents = jQuery(this).contents().find('*').html();var is_postback = contents.indexOf('GF_AJAX_POSTBACK') >= 0;if(!is_postback){return;}var form_content = jQuery(this).contents().find('#gform_wrapper_2');var is_confirmation = jQuery(this).contents().find('#gform_confirmation_wrapper_2').length > 0;var is_redirect = contents.indexOf('gformRedirect(){') >= 0;var is_form = form_content.length > 0 && ! is_redirect && ! is_confirmation;var mt = parseInt(jQuery('html').css('margin-top'), 10) + parseInt(jQuery('body').css('margin-top'), 10) + 100;if(is_form){form_content.find('form').css('opacity', 0);jQuery('#gform_wrapper_2').html(form_content.html());if(form_content.hasClass('gform_validation_error')){jQuery('#gform_wrapper_2').addClass('gform_validation_error');} else {jQuery('#gform_wrapper_2').removeClass('gform_validation_error');}setTimeout( function() { \/* delay the scroll by 50 milliseconds to fix a bug in chrome *\/ jQuery(document).scrollTop(jQuery('#gform_wrapper_2').offset().top - mt); }, 50 );if(window['gformInitDatepicker']) {gformInitDatepicker();}if(window['gformInitPriceFields']) {gformInitPriceFields();}var current_page = jQuery('#gform_source_page_number_2').val();gformInitSpinner( 2, 'https:\/\/goldprodukt.de\/wp-content\/plugins\/gravityforms\/images\/spinner.svg', true );jQuery(document).trigger('gform_page_loaded', [2, current_page]);window['gf_submitting_2'] = false;}else if(!is_redirect){var confirmation_content = jQuery(this).contents().find('.GF_AJAX_POSTBACK').html();if(!confirmation_content){confirmation_content = contents;}jQuery('#gform_wrapper_2').replaceWith(confirmation_content);jQuery(document).scrollTop(jQuery('#gf_2').offset().top - mt);jQuery(document).trigger('gform_confirmation_loaded', [2]);window['gf_submitting_2'] = false;wp.a11y.speak(jQuery('#gform_confirmation_message_2').text());}else{jQuery('#gform_2').append(contents);if(window['gformRedirect']) {gformRedirect();}}jQuery(document).trigger(\"gform_pre_post_render\", [{ formId: \"2\", currentPage: \"current_page\", abort: function() { this.preventDefault(); } }]);                if (event && event.defaultPrevented) {                return;         }        const gformWrapperDiv = document.getElementById( \"gform_wrapper_2\" );        if ( gformWrapperDiv ) {            const visibilitySpan = document.createElement( \"span\" );            visibilitySpan.id = \"gform_visibility_test_2\";            gformWrapperDiv.insertAdjacentElement( \"afterend\", visibilitySpan );        }        const visibilityTestDiv = document.getElementById( \"gform_visibility_test_2\" );        let postRenderFired = false;                function triggerPostRender() {            if ( postRenderFired ) {                return;            }            postRenderFired = true;            jQuery( document ).trigger( 'gform_post_render', [2, current_page] );            gform.utils.trigger( { event: 'gform\/postRender', native: false, data: { formId: 2, currentPage: current_page } } );            if ( visibilityTestDiv ) {                visibilityTestDiv.parentNode.removeChild( visibilityTestDiv );            }        }        function debounce( func, wait, immediate ) {            var timeout;            return function() {                var context = this, args = arguments;                var later = function() {                    timeout = null;                    if ( !immediate ) func.apply( context, args );                };                var callNow = immediate && !timeout;                clearTimeout( timeout );                timeout = setTimeout( later, wait );                if ( callNow ) func.apply( context, args );            };        }        const debouncedTriggerPostRender = debounce( function() {            triggerPostRender();        }, 200 );        if ( visibilityTestDiv && visibilityTestDiv.offsetParent === null ) {            const observer = new MutationObserver( ( mutations ) => {                mutations.forEach( ( mutation ) => {                    if ( mutation.type === 'attributes' && visibilityTestDiv.offsetParent !== null ) {                        debouncedTriggerPostRender();                        observer.disconnect();                    }                });            });            observer.observe( document.body, {                attributes: true,                childList: false,                subtree: true,                attributeFilter: [ 'style', 'class' ],            });        } else {            triggerPostRender();        }    } );} ); \n\/* ]]> *\/\n<\/script>\n[\/vc_column][vc_column][\/vc_column][\/vc_row]<\/p>\n<\/section>","protected":false},"excerpt":{"rendered":"<p>[vc_row][vc_column width=&#8221;1\/2&#8243;][vc_column_text]Carolina &amp; Kilian Dear Susanne, We can\u2019t thank you enough for making the workshop such a special day for us. We had a great time and will never forget the experience. We are in love with our new wedding rings and can\u2019t wait to tell everyone in Brasil about the whole process. We wish [&hellip;]<\/p>\n","protected":false},"author":1,"featured_media":0,"parent":2736,"menu_order":0,"comment_status":"closed","ping_status":"closed","template":"","meta":{"footnotes":"","_links_to":"","_links_to_target":""},"class_list":["post-598","page","type-page","status-publish","hentry"],"_links":{"self":[{"href":"https:\/\/goldprodukt.de\/de\/wp-json\/wp\/v2\/pages\/598"}],"collection":[{"href":"https:\/\/goldprodukt.de\/de\/wp-json\/wp\/v2\/pages"}],"about":[{"href":"https:\/\/goldprodukt.de\/de\/wp-json\/wp\/v2\/types\/page"}],"author":[{"embeddable":true,"href":"https:\/\/goldprodukt.de\/de\/wp-json\/wp\/v2\/users\/1"}],"replies":[{"embeddable":true,"href":"https:\/\/goldprodukt.de\/de\/wp-json\/wp\/v2\/comments?post=598"}],"version-history":[{"count":5,"href":"https:\/\/goldprodukt.de\/de\/wp-json\/wp\/v2\/pages\/598\/revisions"}],"predecessor-version":[{"id":2816,"href":"https:\/\/goldprodukt.de\/de\/wp-json\/wp\/v2\/pages\/598\/revisions\/2816"}],"up":[{"embeddable":true,"href":"https:\/\/goldprodukt.de\/de\/wp-json\/wp\/v2\/pages\/2736"}],"wp:attachment":[{"href":"https:\/\/goldprodukt.de\/de\/wp-json\/wp\/v2\/media?parent=598"}],"curies":[{"name":"wp","href":"https:\/\/api.w.org\/{rel}","templated":true}]}}