{"id":2209,"date":"2017-05-20T20:30:15","date_gmt":"2017-05-20T20:30:15","guid":{"rendered":"https:\/\/goldprodukt.de\/?post_type=product&#038;p=2209\/"},"modified":"2017-05-20T20:30:53","modified_gmt":"2017-05-20T20:30:53","slug":"arkona-schale","status":"publish","type":"product","link":"https:\/\/goldprodukt.de\/de\/produkt\/arkona-schale\/","title":{"rendered":"Arkona"},"content":{"rendered":null,"protected":false},"excerpt":{"rendered":"<p>Handgefertigte Schalen aus Porzellan f\u00fcr Eiscreme, N\u00fcsse, Oliven und mehr. Erh\u00e4ltlich in wei\u00df und schwarz. <strong>35,00\u20ac<\/strong><\/p>\n","protected":false},"featured_media":2208,"comment_status":"closed","ping_status":"closed","template":"","meta":{"wds_primary_product_brand":0,"wds_primary_product_cat":0,"_links_to":"","_links_to_target":""},"product_brand":[],"product_cat":[90],"product_tag":[],"class_list":{"0":"post-2209","1":"product","2":"type-product","3":"status-publish","4":"has-post-thumbnail","6":"product_cat-uncategorized","8":"first","9":"instock","10":"shipping-taxable","11":"purchasable","12":"product-type-simple"},"_links":{"self":[{"href":"https:\/\/goldprodukt.de\/de\/wp-json\/wp\/v2\/product\/2209"}],"collection":[{"href":"https:\/\/goldprodukt.de\/de\/wp-json\/wp\/v2\/product"}],"about":[{"href":"https:\/\/goldprodukt.de\/de\/wp-json\/wp\/v2\/types\/product"}],"replies":[{"embeddable":true,"href":"https:\/\/goldprodukt.de\/de\/wp-json\/wp\/v2\/comments?post=2209"}],"wp:featuredmedia":[{"embeddable":true,"href":"https:\/\/goldprodukt.de\/de\/wp-json\/wp\/v2\/media\/2208"}],"wp:attachment":[{"href":"https:\/\/goldprodukt.de\/de\/wp-json\/wp\/v2\/media?parent=2209"}],"wp:term":[{"taxonomy":"product_brand","embeddable":true,"href":"https:\/\/goldprodukt.de\/de\/wp-json\/wp\/v2\/product_brand?post=2209"},{"taxonomy":"product_cat","embeddable":true,"href":"https:\/\/goldprodukt.de\/de\/wp-json\/wp\/v2\/product_cat?post=2209"},{"taxonomy":"product_tag","embeddable":true,"href":"https:\/\/goldprodukt.de\/de\/wp-json\/wp\/v2\/product_tag?post=2209"}],"curies":[{"name":"wp","href":"https:\/\/api.w.org\/{rel}","templated":true}]}}